{"id":11897,"date":"2020-01-29T05:12:36","date_gmt":"2020-01-29T05:12:36","guid":{"rendered":"http:\/\/emphires-demo.creativesplanet.com\/demo1\/?page_id=11897"},"modified":"2021-11-29T19:08:44","modified_gmt":"2021-11-29T19:08:44","slug":"o-nama","status":"publish","type":"page","link":"https:\/\/stemi.rs\/rs\/o-nama\/","title":{"rendered":"O Nama"},"content":{"rendered":"<p>[vc_row cspt-bg-color=&#8221;light&#8221; cspt-bg-image-position=&#8221;center-bottom&#8221; cspt-bg-image-color-order=&#8221;image-over-color&#8221; full_width=&#8221;stretch_row&#8221; content_placement=&#8221;middle&#8221; css=&#8221;.vc_custom_1621609064065{background-position: 0 0 !important;background-repeat: repeat !important;}&#8221; el_class=&#8221;cspt-overflow-visible&#8221; cspt-responsive-css=&#8221;52451703|colbreak_no|||||||||colbreak_yes|||||||50||colbreak_no||||||||||colbreak_no|||||||||&#8221;][vc_column cspt-zindex=&#8221;2&#8221; width=&#8221;1\/2&#8221; cspt-responsive-css=&#8221;62814254|colbreak_no|||||||||colbreak_no|||0||||||colbreak_no||||||||||colbreak_no|||||||||&#8221;][vc_column_text]\u0160lep slu\u017eba \u201cSTEMI\u201d osnovana je davne 1973. godine i od tada se neprestano i isklju\u010divo bavi \u0161lepanjem putni\u010dkih vozila, kamiona, autobusa kao i prevozom te\u0161kih ma\u0161ina i uno\u0161enje istih u hale. Poslednjih dvadeset godina specijalizovali smo se za \u0161lepanja teretnih vozila koja obavljamo specijalizovanom i modernom opremom.<\/p>\n<p>Za sve ove godine vozni park se uve\u0107avao i modernizovao tako da danas \u0161lep slu\u017eba \u201cSTEMI \u201c raspola\u017ee sa sedam kamiona \u2013 \u0161lep slu\u017ebi od kojih su \u010detri specijalizovana za izvla\u010denje i \u0161lepanje teretnih vozila i autobusa.<\/p>\n<p>Imamo dugogodi\u0161nju saradnju sa svim eminentnim osiguravaju\u0107im ku\u0107ama u Srbiji i inostranstvu kao i doma\u0107im i inostranim auto-moto klubovima.<\/p>\n<p>\u0160lep slu\u017eba \u201cSTEMI\u201c uspe\u0161no posluje i sa predstavni\u0161tvima Mercedes Benz-a, Scanie, Man-a, Volvo-a i njihovim radionicama u Srbiji.<\/p>\n<p>Na\u0161e dugogodi\u0161nje iskustvo, reputacija, mobilnost 365 dana u godini 24 \u010dasa dnevno, kao i na\u0161 stru\u010dni tim su na\u0161a preporuka da smo pouzdan partner u svakoj situaciji.<\/p>\n<p>U okvuri dodatnih usluga STEMI raspola\u017ee sa \u0161irokim spektrom prate\u0107ih usluga kao \u0161to su usluge krana, specijalnog utovara, usluge kran korpe za razli\u010dite vrste namena i jo\u0161 mnogo toga.[\/vc_column_text][vc_btn title=&#8221;Kontaktirajte nas&#8221; style=&#8221;simple&#8221; css=&#8221;.vc_custom_1621607503830{margin-top: 25px !important;margin-bottom: 0px !important;}&#8221; link=&#8221;url:https%3A%2F%2Fstemi.rs%2Frs%2Fkontakt%2F|||&#8221;][\/vc_column][vc_column width=&#8221;1\/2&#8221; css=&#8221;.vc_custom_1621609149308{padding-bottom: -150px !important;padding-left: 30px !important;}&#8221; cspt-responsive-css=&#8221;65891897|colbreak_no|||||||||colbreak_no|60||||||50|0|colbreak_no||||||||||colbreak_no|||||||||&#8221;][vc_single_image image=&#8221;15258&#8221; img_size=&#8221;full&#8221; alignment=&#8221;center&#8221; css=&#8221;.vc_custom_1638007899771{margin-bottom: 0px !important;}&#8221;][vc_empty_space][vc_empty_space][vc_single_image image=&#8221;15305&#8221; img_size=&#8221;520*530&#8221; css=&#8221;.vc_custom_1638212939674{margin-bottom: 0px !important;}&#8221; el_class=&#8221;cspt-about-image&#8221;][vc_btn title=&#8221;Pogledajte video&#8221; style=&#8221;flat&#8221; i_icon_fontawesome=&#8221;fab fa-youtube&#8221; add_icon=&#8221;true&#8221; link=&#8221;url:https%3A%2F%2Fwww.youtube.com%2Fwatch%3Fv%3DL-9HEDqFUlQ|||&#8221; el_class=&#8221;cspt-video-link link-right&#8221;][\/vc_column][\/vc_row][vc_row][vc_column][vc_column_text]<\/p>\n<p>[\/vc_column_text][\/vc_column][\/vc_row][vc_row full_width=&#8221;stretch_row&#8221; parallax=&#8221;content-moving&#8221; css=&#8221;.vc_custom_1620934160541{margin-top: -45px !important;background-position: center;background-repeat: no-repeat !important;background-size: cover !important;}&#8221; el_class=&#8221;cspt-overflow-visible&#8221;][vc_column][vc_row_inner css=&#8221;.vc_custom_1620934633612{margin-top: -80px !important;}&#8221; el_class=&#8221;cspt-steps-ihbox&#8221; cspt-responsive-css=&#8221;55813175|colbreak_no|||||||||colbreak_no|75||||||||colbreak_no|0|||||||||colbreak_no|||||||||&#8221;][vc_column_inner width=&#8221;1\/2&#8221; cspt-responsive-css=&#8221;85061954|colbreak_no|||||||||colbreak_no|||||||||colbreak_no|||||25|||||colbreak_no|||||||||&#8221;][\/vc_column_inner][vc_column_inner width=&#8221;1\/2&#8221; cspt-responsive-css=&#8221;61241886|colbreak_no|||||||||colbreak_no|||||||||colbreak_no|25|||||||||colbreak_no|||||||||&#8221;][\/vc_column_inner][\/vc_row_inner][vc_row_inner css=&#8221;.vc_custom_1621614694862{margin-top: -10px !important;margin-bottom: -90px !important;}&#8221; cspt-responsive-css=&#8221;68995309|colbreak_no|||-100px||||||colbreak_yes|||-20||||||colbreak_no||||||||||colbreak_no|||||||||&#8221;][vc_column_inner][vc_empty_space][vc_btn title=&#8221;Pozovite nas odmah +381 63 600 200&#8221; style=&#8221;gradient-custom&#8221; gradient_custom_color_2=&#8221;#ad1818&#8221; size=&#8221;lg&#8221; align=&#8221;center&#8221; i_icon_fontawesome=&#8221;fas fa-phone-volume&#8221; css_animation=&#8221;fadeIn&#8221; button_block=&#8221;true&#8221; add_icon=&#8221;true&#8221; link=&#8221;url:tel%3A%2B38163600200|||&#8221; css=&#8221;.vc_custom_1621616415273{margin-top: 10px !important;}&#8221;][vc_column_text css=&#8221;.vc_custom_1621616765229{margin-top: -5px !important;}&#8221;]<\/p>\n<p style=\"text-align: center;\"><strong>* Za korisnike mobilnih dodirnite broj za poziv.<\/strong><\/p>\n<p>[\/vc_column_text][vc_empty_space][vc_single_image image=&#8221;14464&#8221; img_size=&#8221;full&#8221; alignment=&#8221;center&#8221; css=&#8221;.vc_custom_1621617661610{margin-top: -50px !important;margin-bottom: -50px !important;}&#8221;][\/vc_column_inner][\/vc_row_inner][vc_row_inner css=&#8221;.vc_custom_1621632120532{margin-top: -10px !important;margin-bottom: 40px !important;}&#8221; cspt-responsive-css=&#8221;68995309|colbreak_no|||-100px||||||colbreak_yes|||-20||||||colbreak_no||||||||||colbreak_no|||||||||&#8221;][vc_column_inner width=&#8221;1\/2&#8221;][vc_btn title=&#8221;FOTO Galerija&#8221; style=&#8221;gradient-custom&#8221; gradient_custom_color_2=&#8221;#ad1818&#8221; size=&#8221;lg&#8221; align=&#8221;center&#8221; i_icon_fontawesome=&#8221;far fa-images&#8221; css_animation=&#8221;fadeIn&#8221; button_block=&#8221;true&#8221; add_icon=&#8221;true&#8221; link=&#8221;url:https%3A%2F%2Fstemi.rs%2Frs%2Fgalerija%2F|||&#8221; css=&#8221;.vc_custom_1621617387998{margin-top: 10px !important;}&#8221;][\/vc_column_inner][vc_column_inner width=&#8221;1\/2&#8221;][vc_btn title=&#8221;VIDEO Galerija&#8221; style=&#8221;gradient-custom&#8221; gradient_custom_color_2=&#8221;#ad1818&#8221; size=&#8221;lg&#8221; align=&#8221;center&#8221; i_icon_fontawesome=&#8221;fab fa-youtube&#8221; css_animation=&#8221;fadeIn&#8221; button_block=&#8221;true&#8221; add_icon=&#8221;true&#8221; link=&#8221;url:https%3A%2F%2Fstemi.rs%2Frs%2Fvideo-galerija%2F|||&#8221; css=&#8221;.vc_custom_1624401936697{margin-top: 10px !important;}&#8221;][\/vc_column_inner][\/vc_row_inner][\/vc_column][\/vc_row][vc_row cspt-bg-color=&#8221;light&#8221; cspt-bg-image-position=&#8221;center-bottom&#8221; cspt-bg-image-color-order=&#8221;image-over-color&#8221; full_width=&#8221;stretch_row&#8221; content_placement=&#8221;middle&#8221; css=&#8221;.vc_custom_1621637699668{margin-top: 50px !important;padding-bottom: 200px !important;background-position: 0 0 !important;background-repeat: repeat !important;}&#8221; el_class=&#8221;cspt-overflow-visible&#8221; cspt-responsive-css=&#8221;52451703|colbreak_no|||||||||colbreak_yes|||||||50||colbreak_no||||||||||colbreak_no|||||||||&#8221;][vc_column cspt-zindex=&#8221;2&#8221; width=&#8221;1\/2&#8221; cspt-responsive-css=&#8221;62814254|colbreak_no|||||||||colbreak_no|||0||||||colbreak_no||||||||||colbreak_no|||||||||&#8221;][vc_single_image image=&#8221;14584&#8221; img_size=&#8221;full&#8221;][vc_column_text]Ako vam je potrebna pomoc\u0301 na putu bilo kod saobra\u0107ajnog udesa ili kvara vozila, \u0161lep slu\u017eba STEMI \u0107e vam tu neprijatnu situaciju u\u010diniti lak\u0161om, jer \u0107emo brzo i povoljno prevesti vas i va\u0161e vozilo do Va\u0161e \u017eeljene adrese. Bilo da je u pitanju manji mehani\u010dki kvar, otkazivanje akumulatora, zaklju\u010dani klju\u010devi u kolima, probu\u0161ena guma, kvar na automatskom menja\u010du ili ve\u0107i kvar na kamionu ili autobusu kao mi smo tu da sigurno od\u0161lepamo vozilo.<\/p>\n<p>Specijalizovani smo za izvla\u010denje i \u0161lepanje teretnih vozila i autobusa iz raznih situacija kako nepristupa\u010dnim terenima tako i iz vode (reke i jezera). Maksimalno smo fleksibilini pri izvla\u010denju i \u0161lepanju vozila \u0161to uklju\u010duje niz predradnji kako bi se nastala \u0161teta minimalizovala. Pozovite nas odmah na <a href=\"tel:+38163600200\"><strong>+381 63 600 200<\/strong><\/a> i posla\u0107emo najbli\u017ei kamion za pomoc\u0301 na putu kako biste se brzo vratili na va\u0161e putovanje ili Va\u0161im poslovnim procesima.[\/vc_column_text][\/vc_column][vc_column width=&#8221;1\/2&#8221; cspt-responsive-css=&#8221;65891897|colbreak_no|||||||||colbreak_no|60||||||50|0|colbreak_no||||||||||colbreak_no|||||||||&#8221;][\/vc_column][\/vc_row][vc_row cspt-zindex=&#8221;1&#8221; css=&#8221;.vc_custom_1621636674900{margin-top: -180px !important;margin-left: 0px !important;}&#8221; cspt-responsive-css=&#8221;49265765|colbreak_no|||||||||colbreak_no|0||||||||colbreak_no||||||||||colbreak_no|||||||||&#8221;][vc_column cspt-bg-color=&#8221;blackish&#8221; cspt-bg-image-position=&#8221;left-center&#8221; cspt-bg-image-color-order=&#8221;image-over-color&#8221; cspt-extended-column=&#8221;right&#8221; css=&#8221;.vc_custom_1621629122149{padding-top: 70px !important;padding-bottom: 50px !important;padding-left: 50px !important;background-image: url(https:\/\/stemi.rs\/rs\/wp-content\/uploads\/2021\/05\/back-o-nama-1.jpg?id=14561) !important;background-position: center !important;background-repeat: no-repeat !important;background-size: cover !important;}&#8221; el_class=&#8221;cspt-border-radius-2 cspt-extend-colum-left-1200 cspt-bgimg-mobi-hide cspt-bgimage-repeat-no&#8221; cspt-responsive-css=&#8221;14066821|colbreak_no||||||||15|colbreak_no|||||||||colbreak_no||||||||||colbreak_no|||||||||&#8221;][vc_row_inner content_placement=&#8221;middle&#8221; cspt-responsive-css=&#8221;94415454|colbreak_no|||||||||colbreak_yes|||||||||colbreak_no||||||||||colbreak_no|||||||||&#8221;][vc_column_inner width=&#8221;2\/3&#8221;][\/vc_column_inner][vc_column_inner width=&#8221;1\/3&#8221; cspt-responsive-css=&#8221;62096134|colbreak_no|||||||||colbreak_no|30||||||||colbreak_no||||||||||colbreak_no|||||||||&#8221;][vc_btn title=&#8221;Pozovite odmah&#8221; style=&#8221;outline&#8221; color=&#8221;white&#8221; align=&#8221;right&#8221; i_icon_fontawesome=&#8221;fas fa-phone-alt&#8221; add_icon=&#8221;true&#8221; el_class=&#8221;cspt-align-left-991&#8221; link=&#8221;url:tel%3A%2B38163600200|||&#8221;][\/vc_column_inner][\/vc_row_inner][\/vc_column][\/vc_row][vc_row cspt-bg-color=&#8221;white&#8221; css=&#8221;.vc_custom_1580125181904{padding-bottom: 50px !important;}&#8221;][vc_column]<div  class=\"creativesplanet-element creativesplanet-element-cspt-client cspt-element-cspt-client-style-1 creativesplanet-element-viewtype-carousel creativesplanet-gap-3 cspt-sortable-no  wpb_animate_when_almost_visible wpb_zoomIn zoomIn \" data-show=\"17\" data-columns=\"5\" data-loop=\"true\" data-autoplay=\"true\" data-center=\"true\" data-nav=\"false\" data-dots=\"true\" data-autoplayspeed=\"1000\" data-margin=\"3\"><div class=\"creativesplanet-element-inner\"><div class=\"cspt-element-posts-wrapper row multi-columns-row\"><div class=\"cspt-ele cspt-client-ele col-md-20percent \"><article class=\"creativesplanet-ele creativesplanet-ele-client cspt-client-style-1\"><div class=\"cspt-client-wrapper\">\n\t<h4 class=\"cspt-hide\">Client 01<\/h4>\n\t<a href=\"https:\/\/www.tbs-team24.com\" title=\"TBS team 24\" target=\"_blank\">\t<div class=\"cspt-featured-wrapper\"><a href=\"https:\/\/stemi.rs\/rs\/client\/client-01\/\"><img loading=\"lazy\" decoding=\"async\" width=\"749\" height=\"746\" src=\"https:\/\/stemi.rs\/rs\/wp-content\/uploads\/2019\/06\/0013.jpg\" class=\"attachment-cspt-img-770x9999 size-cspt-img-770x9999 wp-post-image\" alt=\"\" srcset=\"https:\/\/stemi.rs\/rs\/wp-content\/uploads\/2019\/06\/0013.jpg 749w, https:\/\/stemi.rs\/rs\/wp-content\/uploads\/2019\/06\/0013-300x300.jpg 300w, https:\/\/stemi.rs\/rs\/wp-content\/uploads\/2019\/06\/0013-150x150.jpg 150w\" sizes=\"auto, (max-width: 749px) 100vw, 749px\" data-id=\"14401\" \/><\/a><\/div>\t\t<\/a><\/div><\/article><\/div><div class=\"cspt-ele cspt-client-ele col-md-20percent \"><article class=\"creativesplanet-ele creativesplanet-ele-client cspt-client-style-1\"><div class=\"cspt-client-wrapper\">\n\t<h4 class=\"cspt-hide\">Client 07<\/h4>\n\t<a href=\"https:\/\/www.coris.si\" title=\"Coris\" target=\"_blank\">\t<div class=\"cspt-featured-wrapper\"><a href=\"https:\/\/stemi.rs\/rs\/client\/client-01-2\/\"><img loading=\"lazy\" decoding=\"async\" width=\"749\" height=\"746\" src=\"https:\/\/stemi.rs\/rs\/wp-content\/uploads\/2019\/06\/0007.jpg\" class=\"attachment-cspt-img-770x9999 size-cspt-img-770x9999 wp-post-image\" alt=\"\" srcset=\"https:\/\/stemi.rs\/rs\/wp-content\/uploads\/2019\/06\/0007.jpg 749w, https:\/\/stemi.rs\/rs\/wp-content\/uploads\/2019\/06\/0007-300x300.jpg 300w, https:\/\/stemi.rs\/rs\/wp-content\/uploads\/2019\/06\/0007-150x150.jpg 150w\" sizes=\"auto, (max-width: 749px) 100vw, 749px\" data-id=\"14395\" \/><\/a><\/div>\t\t<\/a><\/div><\/article><\/div><div class=\"cspt-ele cspt-client-ele col-md-20percent \"><article class=\"creativesplanet-ele creativesplanet-ele-client cspt-client-style-1\"><div class=\"cspt-client-wrapper\">\n\t<h4 class=\"cspt-hide\">Client 08<\/h4>\n\t<a href=\"https:\/\/www.axa-winterthur.ch\" title=\"AXA\" target=\"_blank\">\t<div class=\"cspt-featured-wrapper\"><a href=\"https:\/\/stemi.rs\/rs\/client\/client-07\/\"><img loading=\"lazy\" decoding=\"async\" width=\"749\" height=\"746\" src=\"https:\/\/stemi.rs\/rs\/wp-content\/uploads\/2019\/06\/0010.jpg\" class=\"attachment-cspt-img-770x9999 size-cspt-img-770x9999 wp-post-image\" alt=\"AXA\" srcset=\"https:\/\/stemi.rs\/rs\/wp-content\/uploads\/2019\/06\/0010.jpg 749w, https:\/\/stemi.rs\/rs\/wp-content\/uploads\/2019\/06\/0010-300x300.jpg 300w, https:\/\/stemi.rs\/rs\/wp-content\/uploads\/2019\/06\/0010-150x150.jpg 150w\" sizes=\"auto, (max-width: 749px) 100vw, 749px\" data-id=\"14398\" \/><\/a><\/div>\t\t<\/a><\/div><\/article><\/div><div class=\"cspt-ele cspt-client-ele col-md-20percent \"><article class=\"creativesplanet-ele creativesplanet-ele-client cspt-client-style-1\"><div class=\"cspt-client-wrapper\">\n\t<h4 class=\"cspt-hide\">Client 09<\/h4>\n\t<a href=\"https:\/\/www.allianz-partners.com\/en_US.html\" title=\"Allianz Partners\" target=\"_blank\">\t<div class=\"cspt-featured-wrapper\"><a href=\"https:\/\/stemi.rs\/rs\/client\/client-09\/\"><img loading=\"lazy\" decoding=\"async\" width=\"749\" height=\"746\" src=\"https:\/\/stemi.rs\/rs\/wp-content\/uploads\/2019\/06\/0011.jpg\" class=\"attachment-cspt-img-770x9999 size-cspt-img-770x9999 wp-post-image\" alt=\"\" srcset=\"https:\/\/stemi.rs\/rs\/wp-content\/uploads\/2019\/06\/0011.jpg 749w, https:\/\/stemi.rs\/rs\/wp-content\/uploads\/2019\/06\/0011-300x300.jpg 300w, https:\/\/stemi.rs\/rs\/wp-content\/uploads\/2019\/06\/0011-150x150.jpg 150w\" sizes=\"auto, (max-width: 749px) 100vw, 749px\" data-id=\"14399\" \/><\/a><\/div>\t\t<\/a><\/div><\/article><\/div><div class=\"cspt-ele cspt-client-ele col-md-20percent \"><article class=\"creativesplanet-ele creativesplanet-ele-client cspt-client-style-1\"><div class=\"cspt-client-wrapper\">\n\t<h4 class=\"cspt-hide\">Client 10<\/h4>\n\t<a href=\"https:\/\/www.europ-assistance.com\/\" title=\"Europ Assistance\" target=\"_blank\">\t<div class=\"cspt-featured-wrapper\"><a href=\"https:\/\/stemi.rs\/rs\/client\/client-10\/\"><img loading=\"lazy\" decoding=\"async\" width=\"749\" height=\"746\" src=\"https:\/\/stemi.rs\/rs\/wp-content\/uploads\/2019\/06\/0006.jpg\" class=\"attachment-cspt-img-770x9999 size-cspt-img-770x9999 wp-post-image\" alt=\"\" srcset=\"https:\/\/stemi.rs\/rs\/wp-content\/uploads\/2019\/06\/0006.jpg 749w, https:\/\/stemi.rs\/rs\/wp-content\/uploads\/2019\/06\/0006-300x300.jpg 300w, https:\/\/stemi.rs\/rs\/wp-content\/uploads\/2019\/06\/0006-150x150.jpg 150w\" sizes=\"auto, (max-width: 749px) 100vw, 749px\" data-id=\"14394\" \/><\/a><\/div>\t\t<\/a><\/div><\/article><\/div><div class=\"cspt-ele cspt-client-ele col-md-20percent \"><article class=\"creativesplanet-ele creativesplanet-ele-client cspt-client-style-1\"><div class=\"cspt-client-wrapper\">\n\t<h4 class=\"cspt-hide\">Client 15<\/h4>\n\t<a href=\"https:\/\/www.mercedes-benz.rs\/\" title=\"Mercedes-Benz\" target=\"_blank\">\t<div class=\"cspt-featured-wrapper\"><a href=\"https:\/\/stemi.rs\/rs\/client\/client-14\/\"><img loading=\"lazy\" decoding=\"async\" width=\"749\" height=\"746\" src=\"https:\/\/stemi.rs\/rs\/wp-content\/uploads\/2019\/06\/0015.jpg\" class=\"attachment-cspt-img-770x9999 size-cspt-img-770x9999 wp-post-image\" alt=\"\" srcset=\"https:\/\/stemi.rs\/rs\/wp-content\/uploads\/2019\/06\/0015.jpg 749w, https:\/\/stemi.rs\/rs\/wp-content\/uploads\/2019\/06\/0015-300x300.jpg 300w, https:\/\/stemi.rs\/rs\/wp-content\/uploads\/2019\/06\/0015-150x150.jpg 150w\" sizes=\"auto, (max-width: 749px) 100vw, 749px\" data-id=\"14403\" \/><\/a><\/div>\t\t<\/a><\/div><\/article><\/div><div class=\"cspt-ele cspt-client-ele col-md-20percent \"><article class=\"creativesplanet-ele creativesplanet-ele-client cspt-client-style-1\"><div class=\"cspt-client-wrapper\">\n\t<h4 class=\"cspt-hide\">Client 16<\/h4>\n\t<a href=\"https:\/\/www.scania.com\/\" title=\"Scania\" target=\"_blank\">\t<div class=\"cspt-featured-wrapper\"><a href=\"https:\/\/stemi.rs\/rs\/client\/client-15\/\"><img loading=\"lazy\" decoding=\"async\" width=\"749\" height=\"746\" src=\"https:\/\/stemi.rs\/rs\/wp-content\/uploads\/2019\/06\/0014.jpg\" class=\"attachment-cspt-img-770x9999 size-cspt-img-770x9999 wp-post-image\" alt=\"\" srcset=\"https:\/\/stemi.rs\/rs\/wp-content\/uploads\/2019\/06\/0014.jpg 749w, https:\/\/stemi.rs\/rs\/wp-content\/uploads\/2019\/06\/0014-300x300.jpg 300w, https:\/\/stemi.rs\/rs\/wp-content\/uploads\/2019\/06\/0014-150x150.jpg 150w\" sizes=\"auto, (max-width: 749px) 100vw, 749px\" data-id=\"14402\" \/><\/a><\/div>\t\t<\/a><\/div><\/article><\/div><div class=\"cspt-ele cspt-client-ele col-md-20percent \"><article class=\"creativesplanet-ele creativesplanet-ele-client cspt-client-style-1\"><div class=\"cspt-client-wrapper\">\n\t<h4 class=\"cspt-hide\">Client 17<\/h4>\n\t<a href=\"https:\/\/www.man.eu\/de\/en\/homepage.html\" title=\"MAN\" target=\"_blank\">\t<div class=\"cspt-featured-wrapper\"><a href=\"https:\/\/stemi.rs\/rs\/client\/client-17\/\"><img loading=\"lazy\" decoding=\"async\" width=\"749\" height=\"746\" src=\"https:\/\/stemi.rs\/rs\/wp-content\/uploads\/2019\/06\/0016.jpg\" class=\"attachment-cspt-img-770x9999 size-cspt-img-770x9999 wp-post-image\" alt=\"\" srcset=\"https:\/\/stemi.rs\/rs\/wp-content\/uploads\/2019\/06\/0016.jpg 749w, https:\/\/stemi.rs\/rs\/wp-content\/uploads\/2019\/06\/0016-300x300.jpg 300w, https:\/\/stemi.rs\/rs\/wp-content\/uploads\/2019\/06\/0016-150x150.jpg 150w\" sizes=\"auto, (max-width: 749px) 100vw, 749px\" data-id=\"14404\" \/><\/a><\/div>\t\t<\/a><\/div><\/article><\/div><div class=\"cspt-ele cspt-client-ele col-md-20percent \"><article class=\"creativesplanet-ele creativesplanet-ele-client cspt-client-style-1\"><div class=\"cspt-client-wrapper\">\n\t<h4 class=\"cspt-hide\">Client 18<\/h4>\n\t<a href=\"https:\/\/www.volvotrucks.com\/splash.html\" title=\"VOLVO\" target=\"_blank\">\t<div class=\"cspt-featured-wrapper\"><a href=\"https:\/\/stemi.rs\/rs\/client\/client-18\/\"><img loading=\"lazy\" decoding=\"async\" width=\"749\" height=\"746\" src=\"https:\/\/stemi.rs\/rs\/wp-content\/uploads\/2019\/06\/0017.jpg\" class=\"attachment-cspt-img-770x9999 size-cspt-img-770x9999 wp-post-image\" alt=\"\" srcset=\"https:\/\/stemi.rs\/rs\/wp-content\/uploads\/2019\/06\/0017.jpg 749w, https:\/\/stemi.rs\/rs\/wp-content\/uploads\/2019\/06\/0017-300x300.jpg 300w, https:\/\/stemi.rs\/rs\/wp-content\/uploads\/2019\/06\/0017-150x150.jpg 150w\" sizes=\"auto, (max-width: 749px) 100vw, 749px\" data-id=\"14405\" \/><\/a><\/div>\t\t<\/a><\/div><\/article><\/div><\/div><\/div><!-- .creativesplanet-element-inner -->   <\/div><!-- .creativesplanet-element -->  [\/vc_column][\/vc_row][vc_row cspt-zindex=&#8221;1&#8221; css=&#8221;.vc_custom_1621636844090{margin-top: 40px !important;margin-bottom: 70px !important;margin-left: 0px !important;}&#8221; cspt-responsive-css=&#8221;49265765|colbreak_no|||||||||colbreak_no|0||||||||colbreak_no||||||||||colbreak_no|||||||||&#8221;][vc_column cspt-bg-color=&#8221;blackish&#8221; cspt-bg-image-position=&#8221;left-center&#8221; cspt-bg-image-color-order=&#8221;image-over-color&#8221; cspt-extended-column=&#8221;right&#8221; css=&#8221;.vc_custom_1621637465541{padding-top: 70px !important;padding-bottom: 50px !important;padding-left: 50px !important;background-image: url(https:\/\/stemi.rs\/rs\/wp-content\/uploads\/2021\/05\/back-o-nama-.jpg?id=14617) !important;background-position: center !important;background-repeat: no-repeat !important;background-size: cover !important;}&#8221; el_class=&#8221;cspt-border-radius-2 cspt-extend-colum-left-1200 cspt-bgimg-mobi-hide cspt-bgimage-repeat-no&#8221; cspt-responsive-css=&#8221;14066821|colbreak_no||||||||15|colbreak_no|||||||||colbreak_no||||||||||colbreak_no|||||||||&#8221;][vc_row_inner content_placement=&#8221;middle&#8221; cspt-responsive-css=&#8221;94415454|colbreak_no|||||||||colbreak_yes|||||||||colbreak_no||||||||||colbreak_no|||||||||&#8221;][vc_column_inner width=&#8221;2\/3&#8221;][\/vc_column_inner][vc_column_inner width=&#8221;1\/3&#8221; cspt-responsive-css=&#8221;62096134|colbreak_no|||||||||colbreak_no|30||||||||colbreak_no||||||||||colbreak_no|||||||||&#8221;][vc_btn title=&#8221;Po\u0161aljite upit&#8221; style=&#8221;outline&#8221; color=&#8221;white&#8221; align=&#8221;right&#8221; i_icon_fontawesome=&#8221;fas fa-paper-plane&#8221; add_icon=&#8221;true&#8221; el_class=&#8221;cspt-align-left-991&#8221; link=&#8221;url:https%3A%2F%2Fstemi.rs%2Frs%2Fkontakt%2F|||&#8221;][\/vc_column_inner][\/vc_row_inner][\/vc_column][\/vc_row][vc_row][vc_column width=&#8221;1\/5&#8221;][\/vc_column][vc_column width=&#8221;1\/5&#8221;][\/vc_column][vc_column width=&#8221;1\/5&#8221;][\/vc_column][vc_column width=&#8221;1\/5&#8221;][\/vc_column][vc_column width=&#8221;1\/5&#8221;][\/vc_column][\/vc_row][vc_row][vc_column][vc_empty_space][\/vc_column][\/vc_row]<\/p>\n","protected":false},"excerpt":{"rendered":"<p>[vc_row cspt-bg-color=&#8221;light&#8221; cspt-bg-image-position=&#8221;center-bottom&#8221; cspt-bg-image-color-order=&#8221;image-over-color&#8221; full_width=&#8221;stretch_row&#8221; content_placement=&#8221;middle&#8221; css=&#8221;.vc_custom_1621609064065{background-position: 0 0 !important;background-repeat: repeat !important;}&#8221; el_class=&#8221;cspt-overflow-visible&#8221; cspt-responsive-css=&#8221;52451703|colbreak_no|||||||||colbreak_yes|||||||50||colbreak_no||||||||||colbreak_no|||||||||&#8221;][vc_column cspt-zindex=&#8221;2&#8221; width=&#8221;1\/2&#8221; cspt-responsive-css=&#8221;62814254|colbreak_no|||||||||colbreak_no|||0||||||colbreak_no||||||||||colbreak_no|||||||||&#8221;][vc_column_text]\u0160lep slu\u017eba \u201cSTEMI\u201d osnovana je davne 1973. godine i od tada se neprestano i isklju\u010divo bavi \u0161lepanjem putni\u010dkih vozila, kamiona, autobusa kao i prevozom te\u0161kih ma\u0161ina i uno\u0161enje istih u hale. Poslednjih dvadeset godina specijalizovali smo se za \u0161lepanja [&hellip;]<\/p>\n","protected":false},"author":1,"featured_media":0,"parent":0,"menu_order":6,"comment_status":"closed","ping_status":"closed","template":"","meta":{"footnotes":""},"class_list":["post-11897","page","type-page","status-publish","hentry"],"_links":{"self":[{"href":"https:\/\/stemi.rs\/rs\/wp-json\/wp\/v2\/pages\/11897","targetHints":{"allow":["GET"]}}],"collection":[{"href":"https:\/\/stemi.rs\/rs\/wp-json\/wp\/v2\/pages"}],"about":[{"href":"https:\/\/stemi.rs\/rs\/wp-json\/wp\/v2\/types\/page"}],"author":[{"embeddable":true,"href":"https:\/\/stemi.rs\/rs\/wp-json\/wp\/v2\/users\/1"}],"replies":[{"embeddable":true,"href":"https:\/\/stemi.rs\/rs\/wp-json\/wp\/v2\/comments?post=11897"}],"version-history":[{"count":150,"href":"https:\/\/stemi.rs\/rs\/wp-json\/wp\/v2\/pages\/11897\/revisions"}],"predecessor-version":[{"id":15306,"href":"https:\/\/stemi.rs\/rs\/wp-json\/wp\/v2\/pages\/11897\/revisions\/15306"}],"wp:attachment":[{"href":"https:\/\/stemi.rs\/rs\/wp-json\/wp\/v2\/media?parent=11897"}],"curies":[{"name":"wp","href":"https:\/\/api.w.org\/{rel}","templated":true}]}}