{"id":14697,"date":"2021-05-23T00:17:58","date_gmt":"2021-05-23T00:17:58","guid":{"rendered":"https:\/\/stemi.rs\/rs\/?page_id=14697"},"modified":"2021-11-29T21:44:45","modified_gmt":"2021-11-29T21:44:45","slug":"slep-sluzba","status":"publish","type":"page","link":"https:\/\/stemi.rs\/rs\/slep-sluzba\/","title":{"rendered":"\u0160lep slu\u017eba"},"content":{"rendered":"<p>[vc_row css=&#8221;.vc_custom_1560747017355{padding-top: 50px !important;}&#8221;][vc_column][vc_custom_heading text=&#8221;\u0160lep slu\u017eba STEMI&#8221; font_container=&#8221;tag:h1|text_align:center&#8221; use_theme_fonts=&#8221;yes&#8221;][vc_custom_heading text=&#8221;\u0160lep slu\u017eba STEMI vr\u0161i \u0161lepovanje svih vrsta vozila, kombija, kamiona svih gabarita, prikolica, cisterni, autobusa, kontejnera, kamp ku\u0107ica, oldtajmera, vilju\u0161kara, bagera, radnih ma\u0161ina, poljoprivrednih ma\u0161ina, plovila\u2026&#8221; font_container=&#8221;tag:h4|text_align:center&#8221; use_theme_fonts=&#8221;yes&#8221;][vc_empty_space][vc_separator][vc_empty_space height=&#8221;22px&#8221;][vc_separator][vc_empty_space][vc_column_text]<\/p>\n<p style=\"text-align: center;\">Zbog dobre pozicije, mo\u017eemo u najkra\u0107em mogu\u0107em roku da se pojavimo na bilo kom mestu u Pomoravskom okrugu. Po svim vremenskim uslovima, u svako doba dana ili no\u0107i, za vas smo dostupni 24h. Ako ste u nevolji samo nas pozovite i mi \u0107emo sti\u0107i do vas. \u0160lep slu\u017eba pokriva sva Jagodinska naselja i mesne zajednice. Brzom intervencijom smo dostupni u op\u0161tinama \u0106uprija, Para\u0107in, Despotovac, Bato\u010dina, Lapovo, Svilajnac, Kragujevac, Kni\u0107, Rekovac, Varvarin i mnoge druge.<\/p>\n<p style=\"text-align: center;\">Kada god i gde god da smo vam potrebni, <a href=\"https:\/\/stemi.rs\/rs\/o-nama\/\">\u0161lep slu\u017eba STEMI &#8211; Jagodina<\/a> vam je na raspolaganju u kratkom vremenskom intervalu sa brzim dolaskom na mesto intervencije, te na taj na\u010din vam organizujemo brz nastavak va\u0161eg putovanja ili poslovnih procesa. Ponosni smo na na\u0161 rad i na na\u0161 tim iskusnih profesionalaca posve\u0107enih da pru\u017eaju pouzdane i kvalitetne usluge dug niz godina.<\/p>\n<p style=\"text-align: center;\">Imamo dugogodi\u0161nju saradnju sa svim eminentnim osiguravaju\u0107im ku\u0107ama u Srbiji i inostranstvu kao i doma\u0107im i inostranim auto-moto klubovima.<\/p>\n<p style=\"text-align: center;\">Ukoliko je vama ili nekom koga poznajete potrebano pouzdano i bezbedno \u0161lepovanje vozila, pozovite <a href=\"https:\/\/stemi.rs\/rs\/o-nama\/\">\u0161lep slu\u017ebu STEMI<\/a>. Mi vam garantujemo najpovoljnije cene na\u0161ih usluga koje su bez skrivenih tro\u0161kova. Za vi\u0161e informacija o na\u0161oj \u0161lep slu\u017ebi, ili ukoliko vam trebaju na\u0161e usluge, pozovite nas na <a href=\"tel:+381 63 600 200\">+381 63 600 200<\/a>.<\/p>\n<p>[\/vc_column_text][vc_custom_heading text=&#8221;Posedujemo \u0161irok spektar vozila razli\u010dite vrste, namene i mogu\u0107nosti.&#8221; font_container=&#8221;tag:h3|text_align:center&#8221; use_theme_fonts=&#8221;yes&#8221;][vc_empty_space][vc_single_image image=&#8221;14778&#8221; img_size=&#8221;full&#8221; alignment=&#8221;center&#8221; css_animation=&#8221;zoomIn&#8221;][vc_btn title=&#8221;Pozovite nas odmah &#8211; 063 600 200&#8221; style=&#8221;gradient-custom&#8221; gradient_custom_color_2=&#8221;#961212&#8221; size=&#8221;lg&#8221; align=&#8221;center&#8221; i_icon_fontawesome=&#8221;fas fa-phone&#8221; button_block=&#8221;true&#8221; add_icon=&#8221;true&#8221; link=&#8221;url:tel%3A%2B38163600200|||&#8221;][vc_column_text css=&#8221;.vc_custom_1621814212672{margin-top: -15px !important;}&#8221;]<\/p>\n<p style=\"text-align: center;\"><strong>* Za korisnike mobilnih dodirnite broj za poziv.<\/strong><\/p>\n<p>[\/vc_column_text][vc_empty_space][vc_empty_space][vc_custom_heading text=&#8221;Obratite nam se s poverenjem&#8221; font_container=&#8221;tag:h1|text_align:center&#8221; use_theme_fonts=&#8221;yes&#8221;][vc_empty_space][vc_row_inner][vc_column_inner width=&#8221;1\/2&#8221;][\/vc_column_inner][vc_column_inner width=&#8221;1\/2&#8221;][\/vc_column_inner][\/vc_row_inner][vc_empty_space][vc_empty_space][vc_separator][vc_empty_space][vc_empty_space][vc_separator][vc_empty_space][vc_single_image image=&#8221;15258&#8221; img_size=&#8221;full&#8221; alignment=&#8221;center&#8221; css_animation=&#8221;zoomIn&#8221;][vc_empty_space height=&#8221;22px&#8221;][vc_custom_heading text=&#8221;48+ godina postojanja&#8221; font_container=&#8221;tag:h1|text_align:center&#8221; use_theme_fonts=&#8221;yes&#8221;][vc_custom_heading text=&#8221;\u0160lep slu\u017eba STEMI &#8211; Jagodina&#8221; font_container=&#8221;tag:h1|text_align:center&#8221; use_theme_fonts=&#8221;yes&#8221;][vc_empty_space][vc_column_text]<\/p>\n<p style=\"text-align: center;\">Predusretljiv tim, ekspeditivnost, dostupnost i fleksibilnost kao i vi\u0161edecenijsko iskustvo su osnova na\u0161eg uspeha. Usluge \u0161lep slu\u017ebe STEMI &#8211; Jagodina su vam na raspolaganju 24 \u010dasa dnevno, 365 dana u godini. Uvek se mo\u017eete osloniti na na\u0161u brzu uslugu \u0161lepovanja za va\u0161e vozilo. Ako je va\u0161 automobil pokvaren ili ste do\u017eiveli saobra\u0107ajnu nesre\u0107u, onda nemojte razmi\u0161ljati dvaput i odmah nas pozovite za efikasne usluge \u0161lepovanja. Bez obzira na va\u0161u lokaciju, bilo da je u pitanju va\u0161 automobil, kombi, kamion, autobus ili neko drugo motorno vozilo.<\/p>\n<p style=\"text-align: center;\">\u0160lep slu\u017eba STEMI je pouzdana i proverena kompanija koja po\u0161teno i savesno obavlja svoje postavljene zadatke vi\u0161e skoro punih 5 decenija. Od samog osnivanja pa do danas kompanija bele\u017ei konstantan rast i modernizaciju voznog parka. Jedan od osnovnih ciljeva je \u0161irenje poslovanja kao i ulaganje u specijalna vozila koja zadovoljavaju svetske standarde i tr\u017ei\u0161ne potrebe. Ukoliko su vam potrebne na\u0161e usluge, stojimo vam na raspolaganju.<\/p>\n<p>[\/vc_column_text][vc_empty_space][\/vc_column][\/vc_row][vc_row][vc_column][vc_row_inner][vc_column_inner width=&#8221;1\/2&#8221;][vc_single_image image=&#8221;15121&#8221; img_size=&#8221;570*330&#8221; alignment=&#8221;center&#8221; onclick=&#8221;link_image&#8221; el_class=&#8221;cspt-about-image&#8221;][vc_single_image image=&#8221;14932&#8221; img_size=&#8221;570*330&#8221; alignment=&#8221;center&#8221; onclick=&#8221;link_image&#8221; el_class=&#8221;cspt-about-image&#8221;][vc_single_image image=&#8221;14959&#8221; img_size=&#8221;570*330&#8221; alignment=&#8221;center&#8221; onclick=&#8221;link_image&#8221; el_class=&#8221;cspt-about-image&#8221;][vc_single_image image=&#8221;14730&#8221; img_size=&#8221;570*330&#8221; alignment=&#8221;center&#8221; onclick=&#8221;link_image&#8221; el_class=&#8221;cspt-about-image&#8221;][vc_single_image image=&#8221;14733&#8221; img_size=&#8221;570*330&#8221; alignment=&#8221;center&#8221; onclick=&#8221;link_image&#8221; el_class=&#8221;cspt-about-image&#8221;][vc_single_image image=&#8221;14743&#8221; img_size=&#8221;570*330&#8221; alignment=&#8221;center&#8221; onclick=&#8221;link_image&#8221; el_class=&#8221;cspt-about-image&#8221;][vc_single_image image=&#8221;14742&#8221; img_size=&#8221;570*330&#8221; alignment=&#8221;center&#8221; onclick=&#8221;link_image&#8221; el_class=&#8221;cspt-about-image&#8221;][vc_single_image image=&#8221;14741&#8221; img_size=&#8221;570*330&#8221; alignment=&#8221;center&#8221; onclick=&#8221;link_image&#8221; el_class=&#8221;cspt-about-image&#8221;][vc_single_image image=&#8221;14738&#8221; img_size=&#8221;570*330&#8221; alignment=&#8221;center&#8221; onclick=&#8221;link_image&#8221; el_class=&#8221;cspt-about-image&#8221;][vc_single_image image=&#8221;14737&#8221; img_size=&#8221;570*330&#8221; alignment=&#8221;center&#8221; onclick=&#8221;link_image&#8221; el_class=&#8221;cspt-about-image&#8221;][vc_single_image image=&#8221;14735&#8221; img_size=&#8221;570*330&#8221; alignment=&#8221;center&#8221; onclick=&#8221;link_image&#8221; el_class=&#8221;cspt-about-image&#8221;][vc_single_image image=&#8221;14736&#8221; img_size=&#8221;570*330&#8221; alignment=&#8221;center&#8221; onclick=&#8221;link_image&#8221; el_class=&#8221;cspt-about-image&#8221;][vc_single_image image=&#8221;14749&#8221; img_size=&#8221;570*330&#8221; alignment=&#8221;center&#8221; onclick=&#8221;link_image&#8221; el_class=&#8221;cspt-about-image&#8221;][vc_single_image image=&#8221;14747&#8221; img_size=&#8221;570*330&#8221; alignment=&#8221;center&#8221; onclick=&#8221;link_image&#8221; el_class=&#8221;cspt-about-image&#8221;][vc_single_image image=&#8221;14756&#8221; img_size=&#8221;570*330&#8221; alignment=&#8221;center&#8221; onclick=&#8221;link_image&#8221; el_class=&#8221;cspt-about-image&#8221;][vc_single_image image=&#8221;15341&#8221; img_size=&#8221;570*330&#8221; alignment=&#8221;center&#8221; onclick=&#8221;link_image&#8221; el_class=&#8221;cspt-about-image&#8221;][vc_single_image image=&#8221;15338&#8221; img_size=&#8221;570*330&#8221; alignment=&#8221;center&#8221; onclick=&#8221;link_image&#8221; el_class=&#8221;cspt-about-image&#8221;][vc_single_image image=&#8221;15321&#8221; img_size=&#8221;570*330&#8221; alignment=&#8221;center&#8221; onclick=&#8221;link_image&#8221; el_class=&#8221;cspt-about-image&#8221;][vc_single_image image=&#8221;15320&#8221; img_size=&#8221;570*330&#8221; alignment=&#8221;center&#8221; onclick=&#8221;link_image&#8221; el_class=&#8221;cspt-about-image&#8221;][\/vc_column_inner][vc_column_inner width=&#8221;1\/2&#8221;][vc_single_image image=&#8221;15154&#8221; img_size=&#8221;570*330&#8221; alignment=&#8221;center&#8221; onclick=&#8221;link_image&#8221; el_class=&#8221;cspt-about-image&#8221;][vc_single_image image=&#8221;14976&#8221; img_size=&#8221;570*330&#8221; alignment=&#8221;center&#8221; onclick=&#8221;link_image&#8221; el_class=&#8221;cspt-about-image&#8221;][vc_single_image image=&#8221;15156&#8221; img_size=&#8221;570*330&#8221; alignment=&#8221;center&#8221; onclick=&#8221;link_image&#8221; el_class=&#8221;cspt-about-image&#8221;][vc_single_image image=&#8221;14731&#8221; img_size=&#8221;570*330&#8221; alignment=&#8221;center&#8221; onclick=&#8221;link_image&#8221; el_class=&#8221;cspt-about-image&#8221;][vc_single_image image=&#8221;14729&#8221; img_size=&#8221;570*330&#8221; alignment=&#8221;center&#8221; onclick=&#8221;link_image&#8221; el_class=&#8221;cspt-about-image&#8221;][vc_single_image image=&#8221;14732&#8221; img_size=&#8221;570*330&#8221; alignment=&#8221;center&#8221; onclick=&#8221;link_image&#8221; el_class=&#8221;cspt-about-image&#8221;][vc_single_image image=&#8221;14753&#8221; img_size=&#8221;570*330&#8221; alignment=&#8221;center&#8221; onclick=&#8221;link_image&#8221; el_class=&#8221;cspt-about-image&#8221;][vc_single_image image=&#8221;14752&#8221; img_size=&#8221;570*330&#8221; alignment=&#8221;center&#8221; onclick=&#8221;link_image&#8221; el_class=&#8221;cspt-about-image&#8221;][vc_single_image image=&#8221;14750&#8221; img_size=&#8221;570*330&#8221; alignment=&#8221;center&#8221; onclick=&#8221;link_image&#8221; el_class=&#8221;cspt-about-image&#8221;][vc_single_image image=&#8221;14748&#8221; img_size=&#8221;570*330&#8221; alignment=&#8221;center&#8221; onclick=&#8221;link_image&#8221; el_class=&#8221;cspt-about-image&#8221;][vc_single_image image=&#8221;14734&#8221; img_size=&#8221;570*330&#8221; alignment=&#8221;center&#8221; onclick=&#8221;link_image&#8221; el_class=&#8221;cspt-about-image&#8221;][vc_single_image image=&#8221;14757&#8221; img_size=&#8221;570*330&#8221; alignment=&#8221;center&#8221; onclick=&#8221;link_image&#8221; el_class=&#8221;cspt-about-image&#8221;][vc_single_image image=&#8221;14746&#8221; img_size=&#8221;570*330&#8221; alignment=&#8221;center&#8221; onclick=&#8221;link_image&#8221; el_class=&#8221;cspt-about-image&#8221;][vc_single_image image=&#8221;14767&#8221; img_size=&#8221;570*330&#8221; alignment=&#8221;center&#8221; onclick=&#8221;link_image&#8221; el_class=&#8221;cspt-about-image&#8221;][vc_single_image image=&#8221;14766&#8221; img_size=&#8221;570*330&#8221; alignment=&#8221;center&#8221; onclick=&#8221;link_image&#8221; el_class=&#8221;cspt-about-image&#8221;][vc_single_image image=&#8221;15340&#8221; img_size=&#8221;570*330&#8221; alignment=&#8221;center&#8221; onclick=&#8221;link_image&#8221; el_class=&#8221;cspt-about-image&#8221;][vc_single_image image=&#8221;15326&#8221; img_size=&#8221;570*330&#8221; alignment=&#8221;center&#8221; onclick=&#8221;link_image&#8221; el_class=&#8221;cspt-about-image&#8221;][vc_single_image image=&#8221;15328&#8221; img_size=&#8221;570*330&#8221; alignment=&#8221;center&#8221; onclick=&#8221;link_image&#8221; el_class=&#8221;cspt-about-image&#8221;][vc_single_image image=&#8221;15324&#8221; img_size=&#8221;570*330&#8221; alignment=&#8221;center&#8221; onclick=&#8221;link_image&#8221; el_class=&#8221;cspt-about-image&#8221;][\/vc_column_inner][\/vc_row_inner][\/vc_column][\/vc_row][vc_row css=&#8221;.vc_custom_1580879218602{padding-bottom: 0px !important;}&#8221;][vc_column][vc_empty_space][vc_empty_space][vc_empty_space][vc_single_image image=&#8221;15291&#8221; img_size=&#8221;full&#8221; alignment=&#8221;center&#8221; css_animation=&#8221;zoomIn&#8221;][vc_empty_space][vc_custom_heading text=&#8221;\u0160lep slu\u017eba u Jagodini &#8211; Op\u0161tine i naselja u Jagodini i okolini koje pokrivamo brzom intervencijom:&#8221; font_container=&#8221;tag:h1|text_align:left&#8221; use_theme_fonts=&#8221;yes&#8221;][vc_empty_space][vc_row_inner][vc_column_inner width=&#8221;1\/3&#8221;]<div  class=\"creativesplanet-ul-list cspt-ul-type-icon\"><ul><li><i class=\"cspt-globalcolor fa fa-check\"><\/i> Bagrdan Jagodina<\/li><li><i class=\"cspt-globalcolor fa fa-check\"><\/i> Belica Jagodina<\/li><li><i class=\"cspt-globalcolor fa fa-check\"><\/i> Bresje Jagodina<\/li><li><i class=\"cspt-globalcolor fa fa-check\"><\/i> Bukov\u010de Jagodina<\/li><li><i class=\"cspt-globalcolor fa fa-check\"><\/i> Bunar Jagodina<\/li><li><i class=\"cspt-globalcolor fa fa-check\"><\/i> Vinora\u010da Jagodina<\/li><li><i class=\"cspt-globalcolor fa fa-check\"><\/i> Voljav\u010de Jagodina<\/li><li><i class=\"cspt-globalcolor fa fa-check\"><\/i> Vranovac Jagodina<\/li><li><i class=\"cspt-globalcolor fa fa-check\"><\/i> Vrba Jagodina<\/li><li><i class=\"cspt-globalcolor fa fa-check\"><\/i> Glavinci Jagodina<\/li><\/ul><\/div><div  class=\"creativesplanet-ul-list cspt-ul-type-icon vc_custom_1621869404604\"><ul><li><i class=\"cspt-globalcolor fa fa-check\"><\/i> Glogovac Jagodina<\/li><li><i class=\"cspt-globalcolor fa fa-check\"><\/i> Gornje \u0160tiplje Jagodina<\/li><li><i class=\"cspt-globalcolor fa fa-check\"><\/i> Novo Lani\u0161te Jagodina<\/li><li><i class=\"cspt-globalcolor fa fa-check\"><\/i> Deonica Jagodina<\/li><li><i class=\"cspt-globalcolor fa fa-check\"><\/i> Dobra Voda Jagodina<\/li><li><i class=\"cspt-globalcolor fa fa-check\"><\/i> Donje \u0160tiplje Jagodina<\/li><li><i class=\"cspt-globalcolor fa fa-check\"><\/i> Donji Ra\u010dnik Jagodina<\/li><\/ul><\/div>[\/vc_column_inner][vc_column_inner width=&#8221;1\/3&#8221;]<div  class=\"creativesplanet-ul-list cspt-ul-type-icon\"><ul><li><i class=\"cspt-globalcolor fa fa-check\"><\/i> Duboka Jagodina<\/li><li><i class=\"cspt-globalcolor fa fa-check\"><\/i> Ivkova\u010dki Prnjavor Jagodina<\/li><li><i class=\"cspt-globalcolor fa fa-check\"><\/i> Jo\u0161ani\u010dki Prnjavor Jagodina<\/li><li><i class=\"cspt-globalcolor fa fa-check\"><\/i> Kalenovac Jagodina<\/li><li><i class=\"cspt-globalcolor fa fa-check\"><\/i> Kova\u010devac Jagodina<\/li><li><i class=\"cspt-globalcolor fa fa-check\"><\/i> Kolare Jagodina<\/li><li><i class=\"cspt-globalcolor fa fa-check\"><\/i> Kon\u010darevo Jagodina<\/li><li><i class=\"cspt-globalcolor fa fa-check\"><\/i> Ko\u010dino Selo Jagodina<\/li><li><i class=\"cspt-globalcolor fa fa-check\"><\/i> Lovci Jagodina<\/li><li><i class=\"cspt-globalcolor fa fa-check\"><\/i> Lozovik Jagodina<\/li><\/ul><\/div><div  class=\"creativesplanet-ul-list cspt-ul-type-icon\"><ul><li><i class=\"cspt-globalcolor fa fa-check\"><\/i> Lukar Jagodina<\/li><li><i class=\"cspt-globalcolor fa fa-check\"><\/i> Majur Jagodina<\/li><li><i class=\"cspt-globalcolor fa fa-check\"><\/i> Mali Popovi\u0107 Jagodina<\/li><li><i class=\"cspt-globalcolor fa fa-check\"><\/i> Medojevac Jagodina<\/li><li><i class=\"cspt-globalcolor fa fa-check\"><\/i> Me\u0111ure\u010d Jagodina<\/li><li><i class=\"cspt-globalcolor fa fa-check\"><\/i> Milo\u0161evo Jagodina<\/li><li><i class=\"cspt-globalcolor fa fa-check\"><\/i> Mi\u0161evi\u0107 Jagodina<\/li><\/ul><\/div>[\/vc_column_inner][vc_column_inner width=&#8221;1\/3&#8221;]<div  class=\"creativesplanet-ul-list cspt-ul-type-icon\"><ul><li><i class=\"cspt-globalcolor fa fa-check\"><\/i> Ribare Jagodina<\/li><li><i class=\"cspt-globalcolor fa fa-check\"><\/i> Ribnik Jagodina<\/li><li><i class=\"cspt-globalcolor fa fa-check\"><\/i> Siokovac Jagodina<\/li><li><i class=\"cspt-globalcolor fa fa-check\"><\/i> Slatina Jagodina<\/li><li><i class=\"cspt-globalcolor fa fa-check\"><\/i> Staro Lani\u0161te Jagodina<\/li><li><i class=\"cspt-globalcolor fa fa-check\"><\/i> Staro Selo Jagodina<\/li><li><i class=\"cspt-globalcolor fa fa-check\"><\/i> Stri\u017eilo Jagodina<\/li><li><i class=\"cspt-globalcolor fa fa-check\"><\/i> Topola Jagodina<\/li><li><i class=\"cspt-globalcolor fa fa-check\"><\/i> Trnava Jagodina<\/li><li><i class=\"cspt-globalcolor fa fa-check\"><\/i> Crn\u010de Jagodina<\/li><\/ul><\/div><div  class=\"creativesplanet-ul-list cspt-ul-type-icon\"><ul><li><i class=\"cspt-globalcolor fa fa-check\"><\/i> \u0160antarovac Jagodina<\/li><li><i class=\"cspt-globalcolor fa fa-check\"><\/i> \u0160uljkovac Jagodina<\/li><li><i class=\"cspt-globalcolor fa fa-check\"><\/i> Rakitovo Jagodina<\/li><li><i class=\"cspt-globalcolor fa fa-check\"><\/i> Rajkinac Jagodina<\/li><li><i class=\"cspt-globalcolor fa fa-check\"><\/i> Drago\u0161evac Jagodina<\/li><li><i class=\"cspt-globalcolor fa fa-check\"><\/i> Dra\u017emirovac Jagodina<\/li><li><i class=\"cspt-globalcolor fa fa-check\"><\/i> Dragocvet Jagodina<\/li><\/ul><\/div>[\/vc_column_inner][\/vc_row_inner][vc_empty_space][vc_custom_heading text=&#8221;Brzom intervencijom smo dostupni kako na teritoriji op\u0161tine Jagodine tako i u \u0106upriji, Para\u0107inu, Despotovcu, Bato\u010dini, Lapovu, Svilajncu, Kragujevcu, Kni\u0107u, Rekovcu, Varvarinu i mnogim okolnim op\u0161tinama.&#8221; font_container=&#8221;tag:h3|text_align:center&#8221; use_theme_fonts=&#8221;yes&#8221;][vc_empty_space][vc_empty_space][\/vc_column][\/vc_row][vc_row css=&#8221;.vc_custom_1580879218602{padding-bottom: 0px !important;}&#8221;][vc_column][vc_empty_space][vc_btn title=&#8221;Pozovite nas odmah &#8211; 063 600 200&#8221; style=&#8221;gradient-custom&#8221; gradient_custom_color_2=&#8221;#961212&#8221; size=&#8221;lg&#8221; align=&#8221;center&#8221; i_icon_fontawesome=&#8221;fas fa-phone&#8221; button_block=&#8221;true&#8221; add_icon=&#8221;true&#8221; link=&#8221;url:tel%3A%2B38163600200|||&#8221;][vc_empty_space][\/vc_column][\/vc_row][vc_row][vc_column][vc_empty_space][vc_single_image image=&#8221;14584&#8221; img_size=&#8221;full&#8221; alignment=&#8221;center&#8221; css_animation=&#8221;zoomIn&#8221;][vc_empty_space][\/vc_column][\/vc_row][vc_row css=&#8221;.vc_custom_1580879218602{padding-bottom: 0px !important;}&#8221;][vc_column width=&#8221;1\/3&#8221;][vc_empty_space][vc_btn title=&#8221;\u010cesta Pitanja&#8221; style=&#8221;gradient-custom&#8221; gradient_custom_color_2=&#8221;#961212&#8221; size=&#8221;lg&#8221; align=&#8221;center&#8221; i_icon_fontawesome=&#8221;fas fa-question&#8221; button_block=&#8221;true&#8221; add_icon=&#8221;true&#8221; link=&#8221;url:https%3A%2F%2Fstemi.rs%2Frs%2Fcesto-postavljana-pitanja%2F|||&#8221;][vc_empty_space][\/vc_column][vc_column width=&#8221;1\/3&#8221;][vc_empty_space][vc_btn title=&#8221;Foto Galerija&#8221; style=&#8221;gradient-custom&#8221; gradient_custom_color_2=&#8221;#961212&#8221; size=&#8221;lg&#8221; align=&#8221;center&#8221; i_icon_fontawesome=&#8221;far fa-image&#8221; button_block=&#8221;true&#8221; add_icon=&#8221;true&#8221; link=&#8221;url:https%3A%2F%2Fstemi.rs%2Frs%2Fgalerija%2F|||&#8221;][vc_empty_space][\/vc_column][vc_column width=&#8221;1\/3&#8221;][vc_empty_space][vc_btn title=&#8221;Video Galerija&#8221; style=&#8221;gradient-custom&#8221; gradient_custom_color_2=&#8221;#961212&#8221; size=&#8221;lg&#8221; align=&#8221;center&#8221; i_icon_fontawesome=&#8221;fab fa-youtube&#8221; button_block=&#8221;true&#8221; add_icon=&#8221;true&#8221; link=&#8221;url:https%3A%2F%2Fstemi.rs%2Frs%2Fgalerija%2F|||&#8221;][vc_empty_space][\/vc_column][\/vc_row]<\/p>\n","protected":false},"excerpt":{"rendered":"<p>[vc_row css=&#8221;.vc_custom_1560747017355{padding-top: 50px !important;}&#8221;][vc_column][vc_custom_heading text=&#8221;\u0160lep slu\u017eba STEMI&#8221; font_container=&#8221;tag:h1|text_align:center&#8221; use_theme_fonts=&#8221;yes&#8221;][vc_custom_heading text=&#8221;\u0160lep slu\u017eba STEMI vr\u0161i \u0161lepovanje svih vrsta vozila, kombija, kamiona svih gabarita, prikolica, cisterni, autobusa, kontejnera, kamp ku\u0107ica, oldtajmera, vilju\u0161kara, bagera, radnih ma\u0161ina, poljoprivrednih ma\u0161ina, plovila\u2026&#8221; font_container=&#8221;tag:h4|text_align:center&#8221; use_theme_fonts=&#8221;yes&#8221;][vc_empty_space][vc_separator][vc_empty_space height=&#8221;22px&#8221;][vc_separator][vc_empty_space][vc_column_text] Zbog dobre pozicije, mo\u017eemo u najkra\u0107em mogu\u0107em roku da se pojavimo na bilo kom mestu u Pomoravskom [&hellip;]<\/p>\n","protected":false},"author":1,"featured_media":0,"parent":0,"menu_order":0,"comment_status":"closed","ping_status":"closed","template":"","meta":{"footnotes":""},"class_list":["post-14697","page","type-page","status-publish","hentry"],"_links":{"self":[{"href":"https:\/\/stemi.rs\/rs\/wp-json\/wp\/v2\/pages\/14697","targetHints":{"allow":["GET"]}}],"collection":[{"href":"https:\/\/stemi.rs\/rs\/wp-json\/wp\/v2\/pages"}],"about":[{"href":"https:\/\/stemi.rs\/rs\/wp-json\/wp\/v2\/types\/page"}],"author":[{"embeddable":true,"href":"https:\/\/stemi.rs\/rs\/wp-json\/wp\/v2\/users\/1"}],"replies":[{"embeddable":true,"href":"https:\/\/stemi.rs\/rs\/wp-json\/wp\/v2\/comments?post=14697"}],"version-history":[{"count":99,"href":"https:\/\/stemi.rs\/rs\/wp-json\/wp\/v2\/pages\/14697\/revisions"}],"predecessor-version":[{"id":15371,"href":"https:\/\/stemi.rs\/rs\/wp-json\/wp\/v2\/pages\/14697\/revisions\/15371"}],"wp:attachment":[{"href":"https:\/\/stemi.rs\/rs\/wp-json\/wp\/v2\/media?parent=14697"}],"curies":[{"name":"wp","href":"https:\/\/api.w.org\/{rel}","templated":true}]}}